{"id":982,"date":"2025-10-20T10:54:58","date_gmt":"2025-10-20T08:54:58","guid":{"rendered":"https:\/\/www.laurencefankhauser.ch\/?page_id=982"},"modified":"2026-05-12T11:37:01","modified_gmt":"2026-05-12T09:37:01","slug":"contact-reservation","status":"publish","type":"page","link":"https:\/\/www.laurencefankhauser.ch\/index.php\/contact-reservation\/","title":{"rendered":"Contact et r\u00e9servation"},"content":{"rendered":"<p>[et_pb_section fb_built=\u00a0\u00bb1&Prime; admin_label=\u00a0\u00bbHeader &#038; Contact\u00a0\u00bb _builder_version=\u00a0\u00bb4.27.6&Prime; _module_preset=\u00a0\u00bbdefault\u00a0\u00bb background_color=\u00a0\u00bb#FAF9F7&Prime; collapsed=\u00a0\u00bbon\u00a0\u00bb global_colors_info=\u00a0\u00bb{}\u00a0\u00bb][et_pb_row _builder_version=\u00a0\u00bb4.25.1&Prime; _module_preset=\u00a0\u00bbdefault\u00a0\u00bb global_colors_info=\u00a0\u00bb{}\u00a0\u00bb][et_pb_column type=\u00a0\u00bb4_4&Prime; _builder_version=\u00a0\u00bb4.25.1&Prime; _module_preset=\u00a0\u00bbdefault\u00a0\u00bb global_colors_info=\u00a0\u00bb{}\u00a0\u00bb][et_pb_heading title=\u00a0\u00bbContact &#038; r\u00e9servation\u00a0\u00bb _builder_version=\u00a0\u00bb4.27.6&Prime; _module_preset=\u00a0\u00bb6c08dd13-8576-4205-8134-06f01e62a60b\u00a0\u00bb title_font=\u00a0\u00bb&#8211;et_global_body_font|700||on|||||\u00a0\u00bb title_text_color=\u00a0\u00bb#6F8695&Prime; locked=\u00a0\u00bboff\u00a0\u00bb global_colors_info=\u00a0\u00bb{}\u00a0\u00bb][\/et_pb_heading][et_pb_heading title=\u00a0\u00bbMe contacter\u00a0\u00bb _builder_version=\u00a0\u00bb4.27.6&Prime; _module_preset=\u00a0\u00bbcf3f1c62-c114-4bdc-99ac-6ed5b3cfabf5&Prime; title_font=\u00a0\u00bb&#8211;et_global_heading_font||||||||\u00a0\u00bb title_font_size=\u00a0\u00bb85px\u00a0\u00bb custom_margin=\u00a0\u00bb||10px||false|false\u00a0\u00bb locked=\u00a0\u00bboff\u00a0\u00bb global_colors_info=\u00a0\u00bb{}\u00a0\u00bb][\/et_pb_heading][et_pb_text _builder_version=\u00a0\u00bb4.27.6&Prime; _module_preset=\u00a0\u00bb2fa8f164-c148-457f-81bc-28f930c6e4a8&Prime; text_font=\u00a0\u00bb&#8211;et_global_body_font||||||||\u00a0\u00bb hover_enabled=\u00a0\u00bb0&Prime; locked=\u00a0\u00bboff\u00a0\u00bb global_colors_info=\u00a0\u00bb{}\u00a0\u00bb sticky_enabled=\u00a0\u00bb0&Prime;]<\/p>\n<p><span style=\"font-weight: 400;\">\u00c9cris-moi directement, je serai ravie de t&rsquo;accompagner sur ton chemin d&rsquo;harmonisation.<\/span><\/p>\n<p>[\/et_pb_text][et_pb_contact_form email=\u00a0\u00bbcontact@laurencefankhauser.ch\u00a0\u00bb success_message=\u00a0\u00bbMerci beaucoup d&rsquo;avoir rempli le formulaire, je reviens rapidement vers toi\u00a0\u00bb submit_button_text=\u00a0\u00bbEnvoyer ma demande\u00a0\u00bb _builder_version=\u00a0\u00bb4.27.6&Prime; _module_preset=\u00a0\u00bb09fc99b7-b5fd-42af-bce6-2daf5959da92&Prime; form_field_text_color=\u00a0\u00bb#231F20&Prime; form_field_focus_text_color=\u00a0\u00bb#231F20&Prime; button_text_color=\u00a0\u00bb#6F8695&Prime; button_bg_color=\u00a0\u00bb#FAF9F7&Prime; button_border_width=\u00a0\u00bb1px\u00a0\u00bb button_border_color=\u00a0\u00bb#6F8695&Prime; border_color_all=\u00a0\u00bb#C9B37E\u00a0\u00bb locked=\u00a0\u00bboff\u00a0\u00bb global_colors_info=\u00a0\u00bb{%22gcid-0ec00ca9-ec06-4784-a057-5ece2d56f250%22:%91%22button_bg_color__hover%22%93}\u00a0\u00bb][et_pb_contact_field field_id=\u00a0\u00bbName\u00a0\u00bb field_title=\u00a0\u00bbNom \/ Pr\u00e9nom\u00a0\u00bb fullwidth_field=\u00a0\u00bbon\u00a0\u00bb _builder_version=\u00a0\u00bb4.27.6&Prime; _module_preset=\u00a0\u00bbdefault\u00a0\u00bb global_colors_info=\u00a0\u00bb{}\u00a0\u00bb button_text_size__hover_enabled=\u00a0\u00bboff\u00a0\u00bb button_one_text_size__hover_enabled=\u00a0\u00bboff\u00a0\u00bb button_two_text_size__hover_enabled=\u00a0\u00bboff\u00a0\u00bb button_text_color__hover_enabled=\u00a0\u00bboff\u00a0\u00bb button_one_text_color__hover_enabled=\u00a0\u00bboff\u00a0\u00bb button_two_text_color__hover_enabled=\u00a0\u00bboff\u00a0\u00bb button_border_width__hover_enabled=\u00a0\u00bboff\u00a0\u00bb button_one_border_width__hover_enabled=\u00a0\u00bboff\u00a0\u00bb button_two_border_width__hover_enabled=\u00a0\u00bboff\u00a0\u00bb button_border_color__hover_enabled=\u00a0\u00bboff\u00a0\u00bb button_one_border_color__hover_enabled=\u00a0\u00bboff\u00a0\u00bb button_two_border_color__hover_enabled=\u00a0\u00bboff\u00a0\u00bb button_border_radius__hover_enabled=\u00a0\u00bboff\u00a0\u00bb button_one_border_radius__hover_enabled=\u00a0\u00bboff\u00a0\u00bb button_two_border_radius__hover_enabled=\u00a0\u00bboff\u00a0\u00bb button_letter_spacing__hover_enabled=\u00a0\u00bboff\u00a0\u00bb button_one_letter_spacing__hover_enabled=\u00a0\u00bboff\u00a0\u00bb button_two_letter_spacing__hover_enabled=\u00a0\u00bboff\u00a0\u00bb button_bg_color__hover_enabled=\u00a0\u00bboff\u00a0\u00bb button_one_bg_color__hover_enabled=\u00a0\u00bboff\u00a0\u00bb button_two_bg_color__hover_enabled=\u00a0\u00bboff\u00a0\u00bb][\/et_pb_contact_field][et_pb_contact_field field_id=\u00a0\u00bbEmail\u00a0\u00bb field_title=\u00a0\u00bbAdresse email\u00a0\u00bb field_type=\u00a0\u00bbemail\u00a0\u00bb _builder_version=\u00a0\u00bb4.27.6&Prime; _module_preset=\u00a0\u00bbdefault\u00a0\u00bb global_colors_info=\u00a0\u00bb{}\u00a0\u00bb button_text_size__hover_enabled=\u00a0\u00bboff\u00a0\u00bb button_one_text_size__hover_enabled=\u00a0\u00bboff\u00a0\u00bb button_two_text_size__hover_enabled=\u00a0\u00bboff\u00a0\u00bb button_text_color__hover_enabled=\u00a0\u00bboff\u00a0\u00bb button_one_text_color__hover_enabled=\u00a0\u00bboff\u00a0\u00bb button_two_text_color__hover_enabled=\u00a0\u00bboff\u00a0\u00bb button_border_width__hover_enabled=\u00a0\u00bboff\u00a0\u00bb button_one_border_width__hover_enabled=\u00a0\u00bboff\u00a0\u00bb button_two_border_width__hover_enabled=\u00a0\u00bboff\u00a0\u00bb button_border_color__hover_enabled=\u00a0\u00bboff\u00a0\u00bb button_one_border_color__hover_enabled=\u00a0\u00bboff\u00a0\u00bb button_two_border_color__hover_enabled=\u00a0\u00bboff\u00a0\u00bb button_border_radius__hover_enabled=\u00a0\u00bboff\u00a0\u00bb button_one_border_radius__hover_enabled=\u00a0\u00bboff\u00a0\u00bb button_two_border_radius__hover_enabled=\u00a0\u00bboff\u00a0\u00bb button_letter_spacing__hover_enabled=\u00a0\u00bboff\u00a0\u00bb button_one_letter_spacing__hover_enabled=\u00a0\u00bboff\u00a0\u00bb button_two_letter_spacing__hover_enabled=\u00a0\u00bboff\u00a0\u00bb button_bg_color__hover_enabled=\u00a0\u00bboff\u00a0\u00bb button_one_bg_color__hover_enabled=\u00a0\u00bboff\u00a0\u00bb button_two_bg_color__hover_enabled=\u00a0\u00bboff\u00a0\u00bb][\/et_pb_contact_field][et_pb_contact_field field_id=\u00a0\u00bbtelephone\u00a0\u00bb field_title=\u00a0\u00bbT\u00e9l\u00e9phone\u00a0\u00bb _builder_version=\u00a0\u00bb4.27.6&Prime; _module_preset=\u00a0\u00bbdefault\u00a0\u00bb global_colors_info=\u00a0\u00bb{}\u00a0\u00bb][\/et_pb_contact_field][et_pb_contact_field field_id=\u00a0\u00bbAccompagnement\u00a0\u00bb field_title=\u00a0\u00bbAccompagnement\u00a0\u00bb field_type=\u00a0\u00bbselect\u00a0\u00bb select_options=\u00a0\u00bb%91{%22value%22:%22G\u00e9obiologie%22,%22checked%22:0,%22dragID%22:-1},{%22dragID%22:0,%22value%22:%22Soin \u00e9nerg\u00e9tique%22,%22checked%22:0},{%22dragID%22:1,%22value%22:%22R\u00e9\u00e9quilibrage des m\u00e9moires%22,%22checked%22:0},{%22dragID%22:2,%22value%22:%22Maison-Miroir%22,%22checked%22:0},{%22dragID%22:3,%22value%22:%22Passage d&rsquo;\u00e2me%22,%22checked%22:0},{%22value%22:%22Autre%22,%22checked%22:0,%22dragID%22:4}%93&Prime; fullwidth_field=\u00a0\u00bbon\u00a0\u00bb _builder_version=\u00a0\u00bb4.27.6&Prime; _module_preset=\u00a0\u00bbdefault\u00a0\u00bb global_colors_info=\u00a0\u00bb{}\u00a0\u00bb][\/et_pb_contact_field][et_pb_contact_field field_id=\u00a0\u00bbMessage\u00a0\u00bb field_title=\u00a0\u00bbMessage\u00a0\u00bb field_type=\u00a0\u00bbtext\u00a0\u00bb fullwidth_field=\u00a0\u00bbon\u00a0\u00bb _builder_version=\u00a0\u00bb4.16&Prime; _module_preset=\u00a0\u00bbdefault\u00a0\u00bb global_colors_info=\u00a0\u00bb{}\u00a0\u00bb button_text_size__hover_enabled=\u00a0\u00bboff\u00a0\u00bb button_one_text_size__hover_enabled=\u00a0\u00bboff\u00a0\u00bb button_two_text_size__hover_enabled=\u00a0\u00bboff\u00a0\u00bb button_text_color__hover_enabled=\u00a0\u00bboff\u00a0\u00bb button_one_text_color__hover_enabled=\u00a0\u00bboff\u00a0\u00bb button_two_text_color__hover_enabled=\u00a0\u00bboff\u00a0\u00bb button_border_width__hover_enabled=\u00a0\u00bboff\u00a0\u00bb button_one_border_width__hover_enabled=\u00a0\u00bboff\u00a0\u00bb button_two_border_width__hover_enabled=\u00a0\u00bboff\u00a0\u00bb button_border_color__hover_enabled=\u00a0\u00bboff\u00a0\u00bb button_one_border_color__hover_enabled=\u00a0\u00bboff\u00a0\u00bb button_two_border_color__hover_enabled=\u00a0\u00bboff\u00a0\u00bb button_border_radius__hover_enabled=\u00a0\u00bboff\u00a0\u00bb button_one_border_radius__hover_enabled=\u00a0\u00bboff\u00a0\u00bb button_two_border_radius__hover_enabled=\u00a0\u00bboff\u00a0\u00bb button_letter_spacing__hover_enabled=\u00a0\u00bboff\u00a0\u00bb button_one_letter_spacing__hover_enabled=\u00a0\u00bboff\u00a0\u00bb button_two_letter_spacing__hover_enabled=\u00a0\u00bboff\u00a0\u00bb button_bg_color__hover_enabled=\u00a0\u00bboff\u00a0\u00bb button_one_bg_color__hover_enabled=\u00a0\u00bboff\u00a0\u00bb button_two_bg_color__hover_enabled=\u00a0\u00bboff\u00a0\u00bb][\/et_pb_contact_field][\/et_pb_contact_form][\/et_pb_column][\/et_pb_row][et_pb_row column_structure=\u00a0\u00bb1_3,1_3,1_3&Prime; _builder_version=\u00a0\u00bb4.27.6&Prime; _module_preset=\u00a0\u00bbdefault\u00a0\u00bb background_color=\u00a0\u00bb#EDE6DC\u00a0\u00bb custom_padding=\u00a0\u00bb|15px||15px|false|true\u00a0\u00bb locked=\u00a0\u00bboff\u00a0\u00bb global_colors_info=\u00a0\u00bb{}\u00a0\u00bb][et_pb_column type=\u00a0\u00bb1_3&Prime; _builder_version=\u00a0\u00bb4.25.1&Prime; _module_preset=\u00a0\u00bbdefault\u00a0\u00bb global_colors_info=\u00a0\u00bb{}\u00a0\u00bb][et_pb_heading title=\u00a0\u00bbNatel\u00a0\u00bb _builder_version=\u00a0\u00bb4.27.6&Prime; _module_preset=\u00a0\u00bbae0b48a2-4d1b-462f-be1d-09217ca7d753&Prime; title_font=\u00a0\u00bb&#8211;et_global_heading_font||||||||\u00a0\u00bb title_font_size=\u00a0\u00bb23px\u00a0\u00bb custom_margin=\u00a0\u00bb||0px||false|false\u00a0\u00bb locked=\u00a0\u00bboff\u00a0\u00bb global_colors_info=\u00a0\u00bb{}\u00a0\u00bb][\/et_pb_heading][et_pb_text _builder_version=\u00a0\u00bb4.27.6&Prime; _module_preset=\u00a0\u00bbd771a55a-61e3-46ae-86b2-bba862cd54c8&Prime; text_font=\u00a0\u00bb&#8211;et_global_body_font||||||||\u00a0\u00bb link_text_color=\u00a0\u00bbgcid-heading-color\u00a0\u00bb locked=\u00a0\u00bboff\u00a0\u00bb global_colors_info=\u00a0\u00bb{%22gcid-672c49ec-b8cc-4f22-a785-dec4ee1498c5%22:%91%22quote_text_color%22,%22quote_border_color%22,%22quote_text_color%22,%22quote_border_color%22,%22quote_text_color%22,%22quote_border_color%22,%22quote_text_color%22,%22quote_border_color%22%93,%22gcid-heading-color%22:%91%22link_text_color%22%93}\u00a0\u00bb]<\/p>\n<p>+41 79 585 40 09<\/p>\n<p>[\/et_pb_text][\/et_pb_column][et_pb_column type=\u00a0\u00bb1_3&Prime; _builder_version=\u00a0\u00bb4.25.1&Prime; _module_preset=\u00a0\u00bbdefault\u00a0\u00bb global_colors_info=\u00a0\u00bb{}\u00a0\u00bb][et_pb_heading title=\u00a0\u00bbEmail\u00a0\u00bb _builder_version=\u00a0\u00bb4.27.6&Prime; _module_preset=\u00a0\u00bbae0b48a2-4d1b-462f-be1d-09217ca7d753&Prime; title_font=\u00a0\u00bb&#8211;et_global_heading_font||||||||\u00a0\u00bb title_font_size=\u00a0\u00bb23px\u00a0\u00bb custom_margin=\u00a0\u00bb||0px||false|false\u00a0\u00bb locked=\u00a0\u00bboff\u00a0\u00bb global_colors_info=\u00a0\u00bb{}\u00a0\u00bb][\/et_pb_heading][et_pb_text _builder_version=\u00a0\u00bb4.27.6&Prime; _module_preset=\u00a0\u00bbd771a55a-61e3-46ae-86b2-bba862cd54c8&Prime; text_font=\u00a0\u00bb&#8211;et_global_body_font||||||||\u00a0\u00bb link_text_color=\u00a0\u00bbgcid-heading-color\u00a0\u00bb locked=\u00a0\u00bboff\u00a0\u00bb global_colors_info=\u00a0\u00bb{%22gcid-672c49ec-b8cc-4f22-a785-dec4ee1498c5%22:%91%22quote_text_color%22,%22quote_border_color%22,%22quote_text_color%22,%22quote_border_color%22,%22quote_text_color%22,%22quote_border_color%22,%22quote_text_color%22,%22quote_border_color%22%93,%22gcid-heading-color%22:%91%22link_text_color%22%93}\u00a0\u00bb]<\/p>\n<p><a href=\"mailto:contact@laurencefankhauser.ch\">contact@laurencefankhauser.ch<\/a><\/p>\n<p>[\/et_pb_text][\/et_pb_column][et_pb_column type=\u00a0\u00bb1_3&Prime; _builder_version=\u00a0\u00bb4.25.1&Prime; _module_preset=\u00a0\u00bbdefault\u00a0\u00bb global_colors_info=\u00a0\u00bb{}\u00a0\u00bb][et_pb_heading title=\u00a0\u00bbLocalisation\u00a0\u00bb _builder_version=\u00a0\u00bb4.27.6&Prime; _module_preset=\u00a0\u00bbae0b48a2-4d1b-462f-be1d-09217ca7d753&Prime; title_font=\u00a0\u00bb&#8211;et_global_heading_font||||||||\u00a0\u00bb title_font_size=\u00a0\u00bb23px\u00a0\u00bb custom_margin=\u00a0\u00bb||0px||false|false\u00a0\u00bb locked=\u00a0\u00bboff\u00a0\u00bb global_colors_info=\u00a0\u00bb{%22gcid-672c49ec-b8cc-4f22-a785-dec4ee1498c5%22:%91%22quote_text_color%22,%22quote_border_color%22,%22quote_text_color%22,%22quote_border_color%22,%22quote_text_color%22,%22quote_border_color%22,%22quote_text_color%22,%22quote_border_color%22%93,%22gcid-heading-color%22:%91%22link_text_color%22%93}\u00a0\u00bb][\/et_pb_heading][et_pb_text _builder_version=\u00a0\u00bb4.27.6&Prime; _module_preset=\u00a0\u00bbd771a55a-61e3-46ae-86b2-bba862cd54c8&Prime; text_font=\u00a0\u00bb&#8211;et_global_body_font||||||||\u00a0\u00bb link_text_color=\u00a0\u00bbgcid-heading-color\u00a0\u00bb locked=\u00a0\u00bboff\u00a0\u00bb global_colors_info=\u00a0\u00bb{%22gcid-672c49ec-b8cc-4f22-a785-dec4ee1498c5%22:%91%22quote_text_color%22,%22quote_border_color%22,%22quote_text_color%22,%22quote_border_color%22,%22quote_text_color%22,%22quote_border_color%22,%22quote_text_color%22,%22quote_border_color%22%93,%22gcid-heading-color%22:%91%22link_text_color%22%93}\u00a0\u00bb]<\/p>\n<p>Laurence Fankhauser-Meyer<br \/>Canton de Berne &amp; Suisse romande<\/p>\n<p>[\/et_pb_text][\/et_pb_column][\/et_pb_row][\/et_pb_section][et_pb_section fb_built=\u00a0\u00bb1&Prime; admin_label=\u00a0\u00bbGuide\u00a0\u00bb _builder_version=\u00a0\u00bb4.27.6&Prime; _module_preset=\u00a0\u00bbdefault\u00a0\u00bb background_color=\u00a0\u00bb#FAF9F7&Prime; custom_padding=\u00a0\u00bb90px||90px|||\u00a0\u00bb collapsed=\u00a0\u00bbon\u00a0\u00bb global_colors_info=\u00a0\u00bb{%22gcid-695690f7-1400-435d-ab5d-81e5d8a43692%22:%91%22background_color%22%93}\u00a0\u00bb][et_pb_row _builder_version=\u00a0\u00bb4.27.6&Prime; _module_preset=\u00a0\u00bbdefault\u00a0\u00bb background_color=\u00a0\u00bbrgba(250,249,247,0.69)\u00a0\u00bb background_image=\u00a0\u00bbhttps:\/\/www.laurencefankhauser.ch\/wp-content\/uploads\/2026\/03\/Design-sans-titre.png\u00a0\u00bb background_blend=\u00a0\u00bboverlay\u00a0\u00bb custom_padding=\u00a0\u00bb100px|25px|100px|25px|true|true\u00a0\u00bb global_colors_info=\u00a0\u00bb{}\u00a0\u00bb][et_pb_column type=\u00a0\u00bb4_4&Prime; _builder_version=\u00a0\u00bb4.25.1&Prime; _module_preset=\u00a0\u00bbdefault\u00a0\u00bb global_colors_info=\u00a0\u00bb{}\u00a0\u00bb][et_pb_heading title=\u00a0\u00bbR\u00e9server en ligne\u00a0\u00bb _builder_version=\u00a0\u00bb4.27.6&Prime; _module_preset=\u00a0\u00bbeb56448f-e5ec-4e9d-89b7-f7fb5b7a68dd\u00a0\u00bb title_font=\u00a0\u00bb&#8211;et_global_heading_font||||||||\u00a0\u00bb title_text_align=\u00a0\u00bbcenter\u00a0\u00bb title_text_color=\u00a0\u00bb#231F20&Prime; title_font_size=\u00a0\u00bb45px\u00a0\u00bb custom_margin=\u00a0\u00bb-11px||10px||false|false\u00a0\u00bb locked=\u00a0\u00bboff\u00a0\u00bb global_colors_info=\u00a0\u00bb{}\u00a0\u00bb][\/et_pb_heading][et_pb_text _builder_version=\u00a0\u00bb4.27.6&Prime; _module_preset=\u00a0\u00bba9e73077-eca4-43d7-b9b2-f275df0f0ee8&Prime; hover_enabled=\u00a0\u00bb0&Prime; locked=\u00a0\u00bboff\u00a0\u00bb global_colors_info=\u00a0\u00bb{}\u00a0\u00bb sticky_enabled=\u00a0\u00bb0&Prime;]<\/p>\n<p style=\"text-align: center;\"><span style=\"font-weight: 400;\">Tu peux aussi r\u00e9server directement tes s\u00e9ances en ligne.<\/span><\/p>\n<p>[\/et_pb_text][et_pb_button button_url=\u00a0\u00bbhttps:\/\/www.sumupbookings.com\/laurence-fankhauser\u00a0\u00bb button_text=\u00a0\u00bbR\u00e9server\u00a0\u00bb button_alignment=\u00a0\u00bbcenter\u00a0\u00bb _builder_version=\u00a0\u00bb4.27.6&Prime; _module_preset=\u00a0\u00bb_initial\u00a0\u00bb custom_button=\u00a0\u00bbon\u00a0\u00bb button_text_size=\u00a0\u00bb14px\u00a0\u00bb button_text_color=\u00a0\u00bb#C9B37E\u00a0\u00bb button_bg_color=\u00a0\u00bbRGBA(255,255,255,0)\u00a0\u00bb button_border_width=\u00a0\u00bb1px\u00a0\u00bb button_border_color=\u00a0\u00bb#C9B37E\u00a0\u00bb button_border_radius=\u00a0\u00bb0px\u00a0\u00bb button_letter_spacing=\u00a0\u00bb0.06em\u00a0\u00bb button_font=\u00a0\u00bb|600||on|||||\u00a0\u00bb button_icon=\u00a0\u00bb&#x45;||divi||400&Prime; button_on_hover=\u00a0\u00bboff\u00a0\u00bb custom_padding=\u00a0\u00bb12px|40px|12px|24px|true|false\u00a0\u00bb global_colors_info=\u00a0\u00bb{}\u00a0\u00bb button_text_color__hover=\u00a0\u00bb#FFFFFF\u00a0\u00bb button_text_color__hover_enabled=\u00a0\u00bbon|desktop\u00a0\u00bb button_bg_color__hover=\u00a0\u00bb#C9B37E\u00a0\u00bb button_bg_color__hover_enabled=\u00a0\u00bbon|desktop\u00a0\u00bb button_border_color__hover=\u00a0\u00bb#6F8695&Prime; button_border_color__hover_enabled=\u00a0\u00bbon|hover\u00a0\u00bb button_bg_enable_color__hover=\u00a0\u00bbon\u00a0\u00bb][\/et_pb_button][\/et_pb_column][\/et_pb_row][\/et_pb_section]<\/p>\n","protected":false},"excerpt":{"rendered":"<p>\u00c9cris-moi directement, je serai ravie de t&rsquo;accompagner sur ton chemin d&rsquo;harmonisation.+41 79 585 40 09contact@laurencefankhauser.chLaurence Fankhauser-MeyerCanton de Berne &amp; Suisse romandeTu peux aussi r\u00e9server directement tes s\u00e9ances en ligne.<\/p>\n","protected":false},"author":1,"featured_media":0,"parent":0,"menu_order":0,"comment_status":"closed","ping_status":"closed","template":"","meta":{"_et_pb_use_builder":"on","_et_pb_old_content":"","_et_gb_content_width":"","footnotes":""},"class_list":["post-982","page","type-page","status-publish","hentry"],"yoast_head":"<!-- This site is optimized with the Yoast SEO plugin v27.6 - https:\/\/yoast.com\/product\/yoast-seo-wordpress\/ -->\n<title>Contact et r\u00e9servation - G\u00e9obiologue, magn\u00e9tiseuse-\u00e9nerg\u00e9ticienne Courtelary<\/title>\n<meta name=\"description\" content=\"Prenez rendez-vous avec Laurence Fankhauser, g\u00e9obiologue et \u00e9nerg\u00e9ticienne en Suisse. Contact par t\u00e9l\u00e9phone, e-mail ou via healthAdvisor.\" \/>\n<meta name=\"robots\" content=\"index, follow, max-snippet:-1, max-image-preview:large, max-video-preview:-1\" \/>\n<link rel=\"canonical\" href=\"https:\/\/www.laurencefankhauser.ch\/index.php\/contact-reservation\/\" \/>\n<meta property=\"og:locale\" content=\"fr_FR\" \/>\n<meta property=\"og:type\" content=\"article\" \/>\n<meta property=\"og:title\" content=\"Contact et r\u00e9servation - G\u00e9obiologue, magn\u00e9tiseuse-\u00e9nerg\u00e9ticienne Courtelary\" \/>\n<meta property=\"og:description\" content=\"Prenez rendez-vous avec Laurence Fankhauser, g\u00e9obiologue et \u00e9nerg\u00e9ticienne en Suisse. Contact par t\u00e9l\u00e9phone, e-mail ou via healthAdvisor.\" \/>\n<meta property=\"og:url\" content=\"https:\/\/www.laurencefankhauser.ch\/index.php\/contact-reservation\/\" \/>\n<meta property=\"og:site_name\" content=\"G\u00e9obiologue, magn\u00e9tiseuse-\u00e9nerg\u00e9ticienne Courtelary\" \/>\n<meta property=\"article:modified_time\" content=\"2026-05-12T09:37:01+00:00\" \/>\n<meta name=\"twitter:card\" content=\"summary_large_image\" \/>\n<meta name=\"twitter:label1\" content=\"Dur\u00e9e de lecture estim\u00e9e\" \/>\n\t<meta name=\"twitter:data1\" content=\"1 minute\" \/>\n<script type=\"application\/ld+json\" class=\"yoast-schema-graph\">{\"@context\":\"https:\\\/\\\/schema.org\",\"@graph\":[{\"@type\":\"WebPage\",\"@id\":\"https:\\\/\\\/www.laurencefankhauser.ch\\\/index.php\\\/contact-reservation\\\/\",\"url\":\"https:\\\/\\\/www.laurencefankhauser.ch\\\/index.php\\\/contact-reservation\\\/\",\"name\":\"Contact et r\u00e9servation - G\u00e9obiologue, magn\u00e9tiseuse-\u00e9nerg\u00e9ticienne Courtelary\",\"isPartOf\":{\"@id\":\"https:\\\/\\\/www.laurencefankhauser.ch\\\/#website\"},\"datePublished\":\"2025-10-20T08:54:58+00:00\",\"dateModified\":\"2026-05-12T09:37:01+00:00\",\"description\":\"Prenez rendez-vous avec Laurence Fankhauser, g\u00e9obiologue et \u00e9nerg\u00e9ticienne en Suisse. Contact par t\u00e9l\u00e9phone, e-mail ou via healthAdvisor.\",\"breadcrumb\":{\"@id\":\"https:\\\/\\\/www.laurencefankhauser.ch\\\/index.php\\\/contact-reservation\\\/#breadcrumb\"},\"inLanguage\":\"fr-FR\",\"potentialAction\":[{\"@type\":\"ReadAction\",\"target\":[\"https:\\\/\\\/www.laurencefankhauser.ch\\\/index.php\\\/contact-reservation\\\/\"]}]},{\"@type\":\"BreadcrumbList\",\"@id\":\"https:\\\/\\\/www.laurencefankhauser.ch\\\/index.php\\\/contact-reservation\\\/#breadcrumb\",\"itemListElement\":[{\"@type\":\"ListItem\",\"position\":1,\"name\":\"Accueil\",\"item\":\"https:\\\/\\\/www.laurencefankhauser.ch\\\/\"},{\"@type\":\"ListItem\",\"position\":2,\"name\":\"Contact et r\u00e9servation\"}]},{\"@type\":\"WebSite\",\"@id\":\"https:\\\/\\\/www.laurencefankhauser.ch\\\/#website\",\"url\":\"https:\\\/\\\/www.laurencefankhauser.ch\\\/\",\"name\":\"G\u00e9obiologue, magn\u00e9tiseuse-\u00e9nerg\u00e9ticienne Courtelary\",\"description\":\"Laurence Fankhauser\",\"potentialAction\":[{\"@type\":\"SearchAction\",\"target\":{\"@type\":\"EntryPoint\",\"urlTemplate\":\"https:\\\/\\\/www.laurencefankhauser.ch\\\/?s={search_term_string}\"},\"query-input\":{\"@type\":\"PropertyValueSpecification\",\"valueRequired\":true,\"valueName\":\"search_term_string\"}}],\"inLanguage\":\"fr-FR\"}]}<\/script>\n<!-- \/ Yoast SEO plugin. -->","yoast_head_json":{"title":"Contact et r\u00e9servation - G\u00e9obiologue, magn\u00e9tiseuse-\u00e9nerg\u00e9ticienne Courtelary","description":"Prenez rendez-vous avec Laurence Fankhauser, g\u00e9obiologue et \u00e9nerg\u00e9ticienne en Suisse. Contact par t\u00e9l\u00e9phone, e-mail ou via healthAdvisor.","robots":{"index":"index","follow":"follow","max-snippet":"max-snippet:-1","max-image-preview":"max-image-preview:large","max-video-preview":"max-video-preview:-1"},"canonical":"https:\/\/www.laurencefankhauser.ch\/index.php\/contact-reservation\/","og_locale":"fr_FR","og_type":"article","og_title":"Contact et r\u00e9servation - G\u00e9obiologue, magn\u00e9tiseuse-\u00e9nerg\u00e9ticienne Courtelary","og_description":"Prenez rendez-vous avec Laurence Fankhauser, g\u00e9obiologue et \u00e9nerg\u00e9ticienne en Suisse. Contact par t\u00e9l\u00e9phone, e-mail ou via healthAdvisor.","og_url":"https:\/\/www.laurencefankhauser.ch\/index.php\/contact-reservation\/","og_site_name":"G\u00e9obiologue, magn\u00e9tiseuse-\u00e9nerg\u00e9ticienne Courtelary","article_modified_time":"2026-05-12T09:37:01+00:00","twitter_card":"summary_large_image","twitter_misc":{"Dur\u00e9e de lecture estim\u00e9e":"1 minute"},"schema":{"@context":"https:\/\/schema.org","@graph":[{"@type":"WebPage","@id":"https:\/\/www.laurencefankhauser.ch\/index.php\/contact-reservation\/","url":"https:\/\/www.laurencefankhauser.ch\/index.php\/contact-reservation\/","name":"Contact et r\u00e9servation - G\u00e9obiologue, magn\u00e9tiseuse-\u00e9nerg\u00e9ticienne Courtelary","isPartOf":{"@id":"https:\/\/www.laurencefankhauser.ch\/#website"},"datePublished":"2025-10-20T08:54:58+00:00","dateModified":"2026-05-12T09:37:01+00:00","description":"Prenez rendez-vous avec Laurence Fankhauser, g\u00e9obiologue et \u00e9nerg\u00e9ticienne en Suisse. Contact par t\u00e9l\u00e9phone, e-mail ou via healthAdvisor.","breadcrumb":{"@id":"https:\/\/www.laurencefankhauser.ch\/index.php\/contact-reservation\/#breadcrumb"},"inLanguage":"fr-FR","potentialAction":[{"@type":"ReadAction","target":["https:\/\/www.laurencefankhauser.ch\/index.php\/contact-reservation\/"]}]},{"@type":"BreadcrumbList","@id":"https:\/\/www.laurencefankhauser.ch\/index.php\/contact-reservation\/#breadcrumb","itemListElement":[{"@type":"ListItem","position":1,"name":"Accueil","item":"https:\/\/www.laurencefankhauser.ch\/"},{"@type":"ListItem","position":2,"name":"Contact et r\u00e9servation"}]},{"@type":"WebSite","@id":"https:\/\/www.laurencefankhauser.ch\/#website","url":"https:\/\/www.laurencefankhauser.ch\/","name":"G\u00e9obiologue, magn\u00e9tiseuse-\u00e9nerg\u00e9ticienne Courtelary","description":"Laurence Fankhauser","potentialAction":[{"@type":"SearchAction","target":{"@type":"EntryPoint","urlTemplate":"https:\/\/www.laurencefankhauser.ch\/?s={search_term_string}"},"query-input":{"@type":"PropertyValueSpecification","valueRequired":true,"valueName":"search_term_string"}}],"inLanguage":"fr-FR"}]}},"jetpack_sharing_enabled":true,"_links":{"self":[{"href":"https:\/\/www.laurencefankhauser.ch\/index.php\/wp-json\/wp\/v2\/pages\/982","targetHints":{"allow":["GET"]}}],"collection":[{"href":"https:\/\/www.laurencefankhauser.ch\/index.php\/wp-json\/wp\/v2\/pages"}],"about":[{"href":"https:\/\/www.laurencefankhauser.ch\/index.php\/wp-json\/wp\/v2\/types\/page"}],"author":[{"embeddable":true,"href":"https:\/\/www.laurencefankhauser.ch\/index.php\/wp-json\/wp\/v2\/users\/1"}],"replies":[{"embeddable":true,"href":"https:\/\/www.laurencefankhauser.ch\/index.php\/wp-json\/wp\/v2\/comments?post=982"}],"version-history":[{"count":26,"href":"https:\/\/www.laurencefankhauser.ch\/index.php\/wp-json\/wp\/v2\/pages\/982\/revisions"}],"predecessor-version":[{"id":1637,"href":"https:\/\/www.laurencefankhauser.ch\/index.php\/wp-json\/wp\/v2\/pages\/982\/revisions\/1637"}],"wp:attachment":[{"href":"https:\/\/www.laurencefankhauser.ch\/index.php\/wp-json\/wp\/v2\/media?parent=982"}],"curies":[{"name":"wp","href":"https:\/\/api.w.org\/{rel}","templated":true}]}}